{"id":1447,"date":"2024-06-21T07:26:26","date_gmt":"2024-06-21T05:26:26","guid":{"rendered":"https:\/\/textilred.es\/metodos-de-pago\/"},"modified":"2024-06-25T08:01:08","modified_gmt":"2024-06-25T06:01:08","slug":"metodos-de-pago","status":"publish","type":"page","link":"https:\/\/textilred.es\/ca\/metodos-de-pago\/","title":{"rendered":"M\u00e9todos de pago"},"content":{"rendered":"<div>\n<h2 style= \"text-align: center\">M\u00c8TODE SEGUR DE PAGAMENT.<\/h2>\n<\/div>\n<div style= \"text-align: left\">\n<p>Els pagaments de les comandes es poden fer amb targeta de cr\u00e8dit o d\u00e8bit a trav\u00e9s de<b><u>Transferencia Bancaria<\/u><\/b>.<\/p>\n<h3>Privadesa i seguretat<\/h3>\n<p>El sistema de pagament <b><u>Transferencia Bancaria<\/u><\/b>, s\u00f3n una manera fiable, segura i r\u00e0pida de fer pagaments per internet. En efecte, a l&#8217;\u00e9sser <b><u>Transferencia Bancaria<\/u><\/b> qui efectuen els cobraments directament als nostres clients, <b><u>TextilRed Print, S.L.<\/u><\/b> no tindr\u00e0 acc\u00e9s a les dades banc\u00e0ries d&#8217;aquests \u00faltims.<br \/>\nHem contractat el certificat SSL, el qual protegeix la privacitat de l&#8217;usuari mentre navega o compra a la web.<br \/>\nPer a m\u00e9s informaci\u00f3, consulteu la nostra <a href=\"\/<u>\/ca\/politica-de-privadesa\/<\/u>&#8220;>Pol\u00edtica de Privadesa.<\/a> i la nostra <a href=\"<u>\/ca\/politica-de-cookies<\/u>\/&#8221;>Pol\u00edtica de Cookies<\/a>.<\/p>\n<\/div>\n","protected":false},"excerpt":{"rendered":"<p>M\u00c8TODE SEGUR DE PAGAMENT. Els pagaments de les comandes es [&hellip;]<\/p>\n","protected":false},"author":1,"featured_media":0,"parent":0,"menu_order":0,"comment_status":"closed","ping_status":"closed","template":"","meta":{"footnotes":""},"class_list":["post-1447","page","type-page","status-publish","hentry"],"yoast_head":"<!-- This site is optimized with the Yoast SEO plugin v22.9 - https:\/\/yoast.com\/wordpress\/plugins\/seo\/ -->\n<title>M\u00e9todos de pago - TextilRed<\/title>\n<meta name=\"robots\" content=\"index, follow, max-snippet:-1, max-image-preview:large, max-video-preview:-1\" \/>\n<link rel=\"canonical\" href=\"https:\/\/textilred.es\/metodos-de-pago\/\" \/>\n<meta property=\"og:locale\" content=\"ca_ES\" \/>\n<meta property=\"og:type\" content=\"article\" \/>\n<meta property=\"og:title\" content=\"M\u00e9todos de pago - TextilRed\" \/>\n<meta property=\"og:description\" content=\"M\u00c8TODE SEGUR DE PAGAMENT. Els pagaments de les comandes es [&hellip;]\" \/>\n<meta property=\"og:url\" content=\"https:\/\/textilred.es\/metodos-de-pago\/\" \/>\n<meta property=\"og:site_name\" content=\"TextilRed\" \/>\n<meta property=\"article:modified_time\" content=\"2024-06-25T06:01:08+00:00\" \/>\n<meta name=\"twitter:card\" content=\"summary_large_image\" \/>\n<meta name=\"twitter:label1\" content=\"Temps estimat de lectura\" \/>\n\t<meta name=\"twitter:data1\" content=\"1 minut\" \/>\n<script type=\"application\/ld+json\" class=\"yoast-schema-graph\">{\"@context\":\"https:\/\/schema.org\",\"@graph\":[{\"@type\":\"WebPage\",\"@id\":\"https:\/\/textilred.es\/metodos-de-pago\/\",\"url\":\"https:\/\/textilred.es\/metodos-de-pago\/\",\"name\":\"M\u00e9todos de pago - TextilRed\",\"isPartOf\":{\"@id\":\"https:\/\/textilred.es\/#website\"},\"datePublished\":\"2024-06-21T05:26:26+00:00\",\"dateModified\":\"2024-06-25T06:01:08+00:00\",\"breadcrumb\":{\"@id\":\"https:\/\/textilred.es\/metodos-de-pago\/#breadcrumb\"},\"inLanguage\":\"ca\",\"potentialAction\":[{\"@type\":\"ReadAction\",\"target\":[\"https:\/\/textilred.es\/metodos-de-pago\/\"]}]},{\"@type\":\"BreadcrumbList\",\"@id\":\"https:\/\/textilred.es\/metodos-de-pago\/#breadcrumb\",\"itemListElement\":[{\"@type\":\"ListItem\",\"position\":1,\"name\":\"Portada\",\"item\":\"https:\/\/textilred.es\/ca\/country-butcher-home\/\"},{\"@type\":\"ListItem\",\"position\":2,\"name\":\"M\u00e9todos de pago\"}]},{\"@type\":\"WebSite\",\"@id\":\"https:\/\/textilred.es\/#website\",\"url\":\"https:\/\/textilred.es\/\",\"name\":\"TextilRed\",\"description\":\"Ropa personalizada\",\"potentialAction\":[{\"@type\":\"SearchAction\",\"target\":{\"@type\":\"EntryPoint\",\"urlTemplate\":\"https:\/\/textilred.es\/?s={search_term_string}\"},\"query-input\":\"required name=search_term_string\"}],\"inLanguage\":\"ca\"}]}<\/script>\n<!-- \/ Yoast SEO plugin. -->","yoast_head_json":{"title":"M\u00e9todos de pago - TextilRed","robots":{"index":"index","follow":"follow","max-snippet":"max-snippet:-1","max-image-preview":"max-image-preview:large","max-video-preview":"max-video-preview:-1"},"canonical":"https:\/\/textilred.es\/metodos-de-pago\/","og_locale":"ca_ES","og_type":"article","og_title":"M\u00e9todos de pago - TextilRed","og_description":"M\u00c8TODE SEGUR DE PAGAMENT. Els pagaments de les comandes es [&hellip;]","og_url":"https:\/\/textilred.es\/metodos-de-pago\/","og_site_name":"TextilRed","article_modified_time":"2024-06-25T06:01:08+00:00","twitter_card":"summary_large_image","twitter_misc":{"Temps estimat de lectura":"1 minut"},"schema":{"@context":"https:\/\/schema.org","@graph":[{"@type":"WebPage","@id":"https:\/\/textilred.es\/metodos-de-pago\/","url":"https:\/\/textilred.es\/metodos-de-pago\/","name":"M\u00e9todos de pago - TextilRed","isPartOf":{"@id":"https:\/\/textilred.es\/#website"},"datePublished":"2024-06-21T05:26:26+00:00","dateModified":"2024-06-25T06:01:08+00:00","breadcrumb":{"@id":"https:\/\/textilred.es\/metodos-de-pago\/#breadcrumb"},"inLanguage":"ca","potentialAction":[{"@type":"ReadAction","target":["https:\/\/textilred.es\/metodos-de-pago\/"]}]},{"@type":"BreadcrumbList","@id":"https:\/\/textilred.es\/metodos-de-pago\/#breadcrumb","itemListElement":[{"@type":"ListItem","position":1,"name":"Portada","item":"https:\/\/textilred.es\/ca\/country-butcher-home\/"},{"@type":"ListItem","position":2,"name":"M\u00e9todos de pago"}]},{"@type":"WebSite","@id":"https:\/\/textilred.es\/#website","url":"https:\/\/textilred.es\/","name":"TextilRed","description":"Ropa personalizada","potentialAction":[{"@type":"SearchAction","target":{"@type":"EntryPoint","urlTemplate":"https:\/\/textilred.es\/?s={search_term_string}"},"query-input":"required name=search_term_string"}],"inLanguage":"ca"}]}},"_links":{"self":[{"href":"https:\/\/textilred.es\/ca\/wp-json\/wp\/v2\/pages\/1447","targetHints":{"allow":["GET"]}}],"collection":[{"href":"https:\/\/textilred.es\/ca\/wp-json\/wp\/v2\/pages"}],"about":[{"href":"https:\/\/textilred.es\/ca\/wp-json\/wp\/v2\/types\/page"}],"author":[{"embeddable":true,"href":"https:\/\/textilred.es\/ca\/wp-json\/wp\/v2\/users\/1"}],"replies":[{"embeddable":true,"href":"https:\/\/textilred.es\/ca\/wp-json\/wp\/v2\/comments?post=1447"}],"version-history":[{"count":1,"href":"https:\/\/textilred.es\/ca\/wp-json\/wp\/v2\/pages\/1447\/revisions"}],"predecessor-version":[{"id":1448,"href":"https:\/\/textilred.es\/ca\/wp-json\/wp\/v2\/pages\/1447\/revisions\/1448"}],"wp:attachment":[{"href":"https:\/\/textilred.es\/ca\/wp-json\/wp\/v2\/media?parent=1447"}],"curies":[{"name":"wp","href":"https:\/\/api.w.org\/{rel}","templated":true}]}}