{"id":1426,"date":"2021-01-14T10:55:41","date_gmt":"2021-01-14T08:55:41","guid":{"rendered":"https:\/\/textilred.es\/contact-us\/"},"modified":"2024-07-17T11:59:23","modified_gmt":"2024-07-17T09:59:23","slug":"contact-us","status":"publish","type":"page","link":"https:\/\/textilred.es\/ca\/contact-us\/","title":{"rendered":"Contacta&#8217;ns"},"content":{"rendered":"<div class=\"fusion-fullwidth fullwidth-box fusion-builder-row-1 fusion-flex-container nonhundred-percent-fullwidth non-hundred-percent-height-scrolling\" style=\"--awb-border-radius-top-left:0px;--awb-border-radius-top-right:0px;--awb-border-radius-bottom-right:0px;--awb-border-radius-bottom-left:0px;--awb-padding-top:90px;--awb-padding-bottom:90px;--awb-flex-wrap:wrap;\" ><div class=\"fusion-builder-row fusion-row fusion-flex-align-items-flex-start fusion-flex-justify-content-center fusion-flex-content-wrap\" style=\"max-width:1248px;margin-left: calc(-4% \/ 2 );margin-right: calc(-4% \/ 2 );\"><div class=\"fusion-layout-column fusion_builder_column fusion-builder-column-0 fusion_builder_column_1_1 1_1 fusion-flex-column fusion-animated\" style=\"--awb-padding-right:25px;--awb-bg-size:cover;--awb-width-large:100%;--awb-margin-top-large:0px;--awb-spacing-right-large:1.92%;--awb-margin-bottom-large:20px;--awb-spacing-left-large:1.92%;--awb-width-medium:100%;--awb-order-medium:0;--awb-spacing-right-medium:1.92%;--awb-spacing-left-medium:1.92%;--awb-width-small:100%;--awb-order-small:0;--awb-spacing-right-small:1.92%;--awb-spacing-left-small:1.92%;\" data-animationType=\"fadeInLeft\" data-animationDuration=\"1.0\" data-animationOffset=\"top-into-view\"><div class=\"fusion-column-wrapper fusion-column-has-shadow fusion-flex-justify-content-flex-start fusion-content-layout-column\"><div class=\"fusion-text fusion-text-1\" style=\"--awb-content-alignment:left;--awb-font-size:var(--awb-typography2-font-size);--awb-line-height:var(--awb-typography2-line-height);--awb-letter-spacing:var(--awb-typography2-letter-spacing);--awb-text-transform:var(--awb-typography2-text-transform);--awb-text-color:var(--awb-color7);--awb-text-font-family:var(--awb-typography2-font-family);--awb-text-font-weight:var(--awb-typography2-font-weight);--awb-text-font-style:var(--awb-typography2-font-style);\"><p>CONTACTA AMB NOSALTRES DE MANERA R\u00c0PIDA<\/p>\n<\/div><div class=\"fusion-title title fusion-title-1 fusion-sep-none fusion-title-text fusion-title-size-two\" style=\"--awb-margin-top:0px;--awb-margin-bottom:30px;--awb-font-size:var(--awb-typography1-font-size);\"><h2 class=\"fusion-title-heading title-heading-left\" style=\"font-family:var(--awb-typography1-font-family);font-weight:var(--awb-typography1-font-weight);font-style:var(--awb-typography1-font-style);margin:0;font-size:1em;letter-spacing:var(--awb-typography1-letter-spacing);text-transform:var(--awb-typography1-text-transform);line-height:var(--awb-typography1-line-height);\">Formulari De Contacte<\/h2><\/div><div class=\"fusion-text fusion-text-2\" style=\"--awb-content-alignment:left;\"><p>Si tens alguna pregunta o desitges m\u00e9s informaci\u00f3, no dubtis a posar-te en contacte amb nosaltres. Estarem encantats d&#8217;ajudar-te.<\/p>\n<p>Tamb\u00e9 pots seguir-nos a les nostres xarxes socials per estar al corrent de les \u00faltimes novetats i promocions.<\/p>\n<\/div><\/div><\/div><div class=\"fusion-layout-column fusion_builder_column fusion-builder-column-1 fusion_builder_column_1_2 1_2 fusion-flex-column fusion-animated\" style=\"--awb-bg-size:cover;--awb-width-large:50%;--awb-margin-top-large:0px;--awb-spacing-right-large:3.84%;--awb-margin-bottom-large:20px;--awb-spacing-left-large:3.84%;--awb-width-medium:50%;--awb-order-medium:0;--awb-spacing-right-medium:3.84%;--awb-spacing-left-medium:3.84%;--awb-width-small:100%;--awb-order-small:0;--awb-spacing-right-small:1.92%;--awb-spacing-left-small:1.92%;\" data-animationType=\"fadeInLeft\" data-animationDuration=\"1.0\" data-animationOffset=\"top-into-view\" data-scroll-devices=\"small-visibility,medium-visibility,large-visibility\"><div class=\"fusion-column-wrapper fusion-column-has-shadow fusion-flex-justify-content-flex-start fusion-content-layout-column\"><div class=\"fusion-text fusion-text-3\"><p>No ho dubtis i contacta amb nosaltres, truca\u2019ns i explica\u2019ns qu\u00e8 tens en ment, et aconsellarem sobre quin tipus d\u2019estampaci\u00f3 \u00e9s millor per al teu disseny i colors\u2026 i si no tens disseny te\u2019l fem!<\/p>\n<p>Tamb\u00e9 t\u2019oferim un cat\u00e0leg de t\u00e8xtils per estampar, amb diferents confeccions i talles. Fent clic al bot\u00f3 de sota, pots fer una ullada a tot el que tens a la teva disposici\u00f3.<\/p>\n<p>Tens diverses maneres per a contactar con nosaltres: omplint el nostre formulari que tens just a la dreta, enviant-nos un correu electr\u00f2nic a l\u2019email que tens a sota d\u2019aquestes l\u00ednies, o trucant-nos al n\u00famero que tamb\u00e9 pots veure a sota. Intentarem respondre en la menor brevetat possible i sempre i quan estiguem disponibles per a fer-ho.<\/p>\n<p><strong><a href=\"mailto:textilred@textilred.com\">textilred@textilred.com<\/a><\/strong><\/p>\n<p>+34 623 16 18 00<\/p>\n<\/div><\/div><\/div><div class=\"fusion-layout-column fusion_builder_column fusion-builder-column-2 fusion_builder_column_1_2 1_2 fusion-flex-column fusion-animated\" style=\"--awb-bg-size:cover;--awb-width-large:50%;--awb-margin-top-large:0px;--awb-spacing-right-large:3.84%;--awb-margin-bottom-large:20px;--awb-spacing-left-large:3.84%;--awb-width-medium:50%;--awb-order-medium:0;--awb-spacing-right-medium:3.84%;--awb-spacing-left-medium:3.84%;--awb-width-small:100%;--awb-order-small:0;--awb-spacing-right-small:1.92%;--awb-spacing-left-small:1.92%;\" data-animationType=\"fadeInLeft\" data-animationDuration=\"1.0\" data-animationOffset=\"top-into-view\" data-scroll-devices=\"small-visibility,medium-visibility,large-visibility\"><div class=\"fusion-column-wrapper fusion-column-has-shadow fusion-flex-justify-content-flex-start fusion-content-layout-column\">\n<div class=\"wpcf7 no-js\" id=\"wpcf7-f1425-o1\" lang=\"es-ES\" dir=\"ltr\">\n<div class=\"screen-reader-response\"><p role=\"status\" aria-live=\"polite\" aria-atomic=\"true\"><\/p> <ul><\/ul><\/div>\n<form action=\"\/ca\/wp-json\/wp\/v2\/pages\/1426#wpcf7-f1425-o1\" method=\"post\" class=\"wpcf7-form init\" aria-label=\"Formulario de contacto\" novalidate=\"novalidate\" data-status=\"init\">\n<div style=\"display: none;\">\n<input type=\"hidden\" name=\"_wpcf7\" value=\"1425\" \/>\n<input type=\"hidden\" name=\"_wpcf7_version\" value=\"5.9.6\" \/>\n<input type=\"hidden\" name=\"_wpcf7_locale\" value=\"es_ES\" \/>\n<input type=\"hidden\" name=\"_wpcf7_unit_tag\" value=\"wpcf7-f1425-o1\" \/>\n<input type=\"hidden\" name=\"_wpcf7_container_post\" value=\"0\" \/>\n<input type=\"hidden\" name=\"_wpcf7_posted_data_hash\" value=\"\" \/>\n<\/div>\n<p><label> El teu nom<br \/>\n<span class=\"wpcf7-form-control-wrap\" data-name=\"your-name\"><input size=\"40\" maxlength=\"80\" class=\"wpcf7-form-control wpcf7-text wpcf7-validates-as-required\" autocomplete=\"name\" aria-required=\"true\" aria-invalid=\"false\" value=\"\" type=\"text\" name=\"your-name\" \/><\/span> <\/label>\n<\/p>\n<p><label> Una adre\u00e7a electr\u00f2nica<br \/>\n<span class=\"wpcf7-form-control-wrap\" data-name=\"your-email\"><input size=\"40\" maxlength=\"80\" class=\"wpcf7-form-control wpcf7-email wpcf7-validates-as-required wpcf7-text wpcf7-validates-as-email\" autocomplete=\"email\" aria-required=\"true\" aria-invalid=\"false\" value=\"\" type=\"email\" name=\"your-email\" \/><\/span> <\/label>\n<\/p>\n<p><label> Asumpte<br \/>\n<span class=\"wpcf7-form-control-wrap\" data-name=\"your-subject\"><input size=\"40\" maxlength=\"80\" class=\"wpcf7-form-control wpcf7-text wpcf7-validates-as-required\" aria-required=\"true\" aria-invalid=\"false\" value=\"\" type=\"text\" name=\"your-subject\" \/><\/span> <\/label>\n<\/p>\n<p><label> Missatge<br \/>\n<span class=\"wpcf7-form-control-wrap\" data-name=\"your-message\"><textarea cols=\"40\" rows=\"10\" maxlength=\"400\" class=\"wpcf7-form-control wpcf7-textarea\" aria-invalid=\"false\" name=\"your-message\"><\/textarea><\/span> <\/label>\n<\/p>\n<p><input class=\"wpcf7-form-control wpcf7-submit has-spinner\" type=\"submit\" value=\"Enviar\" \/>\n<\/p><div class=\"fusion-alert alert custom alert-custom fusion-alert-center wpcf7-response-output awb-alert-native-link-color alert-dismissable awb-alert-close-boxed\" style=\"--awb-border-size:1px;--awb-border-top-left-radius:0px;--awb-border-top-right-radius:0px;--awb-border-bottom-left-radius:0px;--awb-border-bottom-right-radius:0px;\" role=\"alert\"><div class=\"fusion-alert-content-wrapper\"><span class=\"fusion-alert-content\"><\/span><\/div><button type=\"button\" class=\"close toggle-alert\" data-dismiss=\"alert\" aria-label=\"Close\">&times;<\/button><\/div>\n<\/form>\n<\/div>\n<\/div><\/div><div class=\"fusion-layout-column fusion_builder_column fusion-builder-column-3 fusion_builder_column_1_1 1_1 fusion-flex-column fusion-animated\" style=\"--awb-bg-size:cover;--awb-width-large:100%;--awb-margin-top-large:0px;--awb-spacing-right-large:1.92%;--awb-margin-bottom-large:20px;--awb-spacing-left-large:1.92%;--awb-width-medium:100%;--awb-order-medium:0;--awb-spacing-right-medium:1.92%;--awb-spacing-left-medium:1.92%;--awb-width-small:100%;--awb-order-small:0;--awb-spacing-right-small:1.92%;--awb-spacing-left-small:1.92%;\" data-animationType=\"fadeInLeft\" data-animationDuration=\"1.0\" data-animationOffset=\"top-into-view\" data-scroll-devices=\"small-visibility,medium-visibility,large-visibility\"><div class=\"fusion-column-wrapper fusion-column-has-shadow fusion-flex-justify-content-flex-start fusion-content-layout-column\"><div class=\"fusion-text fusion-text-4\"><p>Tens a la teva disposici\u00f3 diverses vies de contacte, una d\u2019elles es el formulari que tens m\u00e9s amunt. Omple\u2019l i et posar\u00e0s en contacte amb TextilRed. Nosaltres t\u2019ajudarem a que puguis aconseguir l\u2019equipaci\u00f3 laboral adequada per a la teva empresa.<br \/>\nUna altra via de contacte de la que disposes es el correu electr\u00f2nic, ens pots enviar un email, el qual pots veure m\u00e9s amunt, i t\u2019intentarem respondre en el m\u00ednim temps possible, sempre que estiguem disponibles.<br \/>\nTamb\u00e9 ens pots trucar per tel\u00e8fon, el nostre n\u00famero de tel\u00e8fon tamb\u00e9 el tens m\u00e9s amunt, just a sota de l\u2019email. Truca\u2019ns i respondrem a les teves consultes a l\u2019instant.<br \/>\nSi vols tamb\u00e9 ens pots venir a visitar presencialment al nostre local, situat a C\/ Montroig n\u00ba1 4-1, 25600 Balaguer, et respondrem a les consultes que puguis tenir i podr\u00e0s coneixer millor la nostra empresa i el nostre personal.<br \/>\nSi tens alguna pregunta sobre els nostres serveis o els nostres productes, no t\u2019ho pensis, posa\u2019t en contacte amb nosaltres. Volem que els nostres clients ens coneguin millor i confi\u00efn en nosaltres.<\/p>\n<\/div><\/div><\/div><\/div><\/div>\n","protected":false},"excerpt":{"rendered":"","protected":false},"author":1,"featured_media":0,"parent":0,"menu_order":0,"comment_status":"closed","ping_status":"closed","template":"100-width.php","meta":{"footnotes":""},"class_list":["post-1426","page","type-page","status-publish","hentry"],"yoast_head":"<!-- This site is optimized with the Yoast SEO plugin v22.9 - https:\/\/yoast.com\/wordpress\/plugins\/seo\/ -->\n<title>Contacta&#039;ns - TextilRed<\/title>\n<meta name=\"robots\" content=\"index, follow, max-snippet:-1, max-image-preview:large, max-video-preview:-1\" \/>\n<link rel=\"canonical\" href=\"https:\/\/textilred.es\/ca\/contact-us\/\" \/>\n<meta property=\"og:locale\" content=\"ca_ES\" \/>\n<meta property=\"og:type\" content=\"article\" \/>\n<meta property=\"og:title\" content=\"Contacta&#039;ns - TextilRed\" \/>\n<meta property=\"og:url\" content=\"https:\/\/textilred.es\/ca\/contact-us\/\" \/>\n<meta property=\"og:site_name\" content=\"TextilRed\" \/>\n<meta property=\"article:modified_time\" content=\"2024-07-17T09:59:23+00:00\" \/>\n<meta name=\"twitter:card\" content=\"summary_large_image\" \/>\n<meta name=\"twitter:label1\" content=\"Temps estimat de lectura\" \/>\n\t<meta name=\"twitter:data1\" content=\"2 minuts\" \/>\n<script type=\"application\/ld+json\" class=\"yoast-schema-graph\">{\"@context\":\"https:\/\/schema.org\",\"@graph\":[{\"@type\":\"WebPage\",\"@id\":\"https:\/\/textilred.es\/ca\/contact-us\/\",\"url\":\"https:\/\/textilred.es\/ca\/contact-us\/\",\"name\":\"Contacta'ns - TextilRed\",\"isPartOf\":{\"@id\":\"https:\/\/textilred.es\/#website\"},\"datePublished\":\"2021-01-14T08:55:41+00:00\",\"dateModified\":\"2024-07-17T09:59:23+00:00\",\"breadcrumb\":{\"@id\":\"https:\/\/textilred.es\/ca\/contact-us\/#breadcrumb\"},\"inLanguage\":\"ca\",\"potentialAction\":[{\"@type\":\"ReadAction\",\"target\":[\"https:\/\/textilred.es\/ca\/contact-us\/\"]}]},{\"@type\":\"BreadcrumbList\",\"@id\":\"https:\/\/textilred.es\/ca\/contact-us\/#breadcrumb\",\"itemListElement\":[{\"@type\":\"ListItem\",\"position\":1,\"name\":\"Portada\",\"item\":\"https:\/\/textilred.es\/ca\/country-butcher-home\/\"},{\"@type\":\"ListItem\",\"position\":2,\"name\":\"Contacta&#8217;ns\"}]},{\"@type\":\"WebSite\",\"@id\":\"https:\/\/textilred.es\/#website\",\"url\":\"https:\/\/textilred.es\/\",\"name\":\"TextilRed\",\"description\":\"Ropa personalizada\",\"potentialAction\":[{\"@type\":\"SearchAction\",\"target\":{\"@type\":\"EntryPoint\",\"urlTemplate\":\"https:\/\/textilred.es\/?s={search_term_string}\"},\"query-input\":\"required name=search_term_string\"}],\"inLanguage\":\"ca\"}]}<\/script>\n<!-- \/ Yoast SEO plugin. -->","yoast_head_json":{"title":"Contacta'ns - TextilRed","robots":{"index":"index","follow":"follow","max-snippet":"max-snippet:-1","max-image-preview":"max-image-preview:large","max-video-preview":"max-video-preview:-1"},"canonical":"https:\/\/textilred.es\/ca\/contact-us\/","og_locale":"ca_ES","og_type":"article","og_title":"Contacta'ns - TextilRed","og_url":"https:\/\/textilred.es\/ca\/contact-us\/","og_site_name":"TextilRed","article_modified_time":"2024-07-17T09:59:23+00:00","twitter_card":"summary_large_image","twitter_misc":{"Temps estimat de lectura":"2 minuts"},"schema":{"@context":"https:\/\/schema.org","@graph":[{"@type":"WebPage","@id":"https:\/\/textilred.es\/ca\/contact-us\/","url":"https:\/\/textilred.es\/ca\/contact-us\/","name":"Contacta'ns - TextilRed","isPartOf":{"@id":"https:\/\/textilred.es\/#website"},"datePublished":"2021-01-14T08:55:41+00:00","dateModified":"2024-07-17T09:59:23+00:00","breadcrumb":{"@id":"https:\/\/textilred.es\/ca\/contact-us\/#breadcrumb"},"inLanguage":"ca","potentialAction":[{"@type":"ReadAction","target":["https:\/\/textilred.es\/ca\/contact-us\/"]}]},{"@type":"BreadcrumbList","@id":"https:\/\/textilred.es\/ca\/contact-us\/#breadcrumb","itemListElement":[{"@type":"ListItem","position":1,"name":"Portada","item":"https:\/\/textilred.es\/ca\/country-butcher-home\/"},{"@type":"ListItem","position":2,"name":"Contacta&#8217;ns"}]},{"@type":"WebSite","@id":"https:\/\/textilred.es\/#website","url":"https:\/\/textilred.es\/","name":"TextilRed","description":"Ropa personalizada","potentialAction":[{"@type":"SearchAction","target":{"@type":"EntryPoint","urlTemplate":"https:\/\/textilred.es\/?s={search_term_string}"},"query-input":"required name=search_term_string"}],"inLanguage":"ca"}]}},"_links":{"self":[{"href":"https:\/\/textilred.es\/ca\/wp-json\/wp\/v2\/pages\/1426","targetHints":{"allow":["GET"]}}],"collection":[{"href":"https:\/\/textilred.es\/ca\/wp-json\/wp\/v2\/pages"}],"about":[{"href":"https:\/\/textilred.es\/ca\/wp-json\/wp\/v2\/types\/page"}],"author":[{"embeddable":true,"href":"https:\/\/textilred.es\/ca\/wp-json\/wp\/v2\/users\/1"}],"replies":[{"embeddable":true,"href":"https:\/\/textilred.es\/ca\/wp-json\/wp\/v2\/comments?post=1426"}],"version-history":[{"count":4,"href":"https:\/\/textilred.es\/ca\/wp-json\/wp\/v2\/pages\/1426\/revisions"}],"predecessor-version":[{"id":1507,"href":"https:\/\/textilred.es\/ca\/wp-json\/wp\/v2\/pages\/1426\/revisions\/1507"}],"wp:attachment":[{"href":"https:\/\/textilred.es\/ca\/wp-json\/wp\/v2\/media?parent=1426"}],"curies":[{"name":"wp","href":"https:\/\/api.w.org\/{rel}","templated":true}]}}